{"id":1015,"date":"2025-07-29T15:26:43","date_gmt":"2025-07-29T15:26:43","guid":{"rendered":"https:\/\/max-b-werner.de\/?page_id=1015"},"modified":"2026-03-31T09:28:02","modified_gmt":"2026-03-31T09:28:02","slug":"vita-2","status":"publish","type":"page","link":"https:\/\/max-b-werner.de\/en\/vita-2\/","title":{"rendered":"CV"},"content":{"rendered":"<div data-elementor-type=\"wp-page\" data-elementor-id=\"1015\" class=\"elementor elementor-1015\" data-elementor-post-type=\"page\">\n\t\t\t\t\t\t<section class=\"elementor-section elementor-top-section elementor-element elementor-element-0d51c2b elementor-section-boxed elementor-section-height-default elementor-section-height-default\" data-id=\"0d51c2b\" data-element_type=\"section\" data-e-type=\"section\">\n\t\t\t\t\t\t<div class=\"elementor-container elementor-column-gap-default\">\n\t\t\t\t\t<div class=\"elementor-column elementor-col-100 elementor-top-column elementor-element elementor-element-e7de967\" data-id=\"e7de967\" data-element_type=\"column\" data-e-type=\"column\">\n\t\t\t<div class=\"elementor-widget-wrap elementor-element-populated\">\n\t\t\t\t\t\t<div class=\"elementor-element elementor-element-e407b2d elementor-widget elementor-widget-text-editor\" data-id=\"e407b2d\" data-element_type=\"widget\" data-e-type=\"widget\" data-widget_type=\"text-editor.default\">\n\t\t\t\t<div class=\"elementor-widget-container\">\n\t\t\t\t\t\t\t\t\t<p><span style=\"font-family: Helvetica, sans-serif;\"><span style=\"font-size: medium;\"><b><span style=\"color: #000000;\">Exhibitions:<\/span><\/b><\/span><\/span><\/p><p><span style=\"font-family: Helvetica, sans-serif;\"><span style=\"font-size: medium;\"><span style=\"color: #000000;\">2026<\/span><\/span><\/span><\/p><p><span style=\"font-family: Helvetica, sans-serif;\"><span style=\"font-size: medium;\"><span style=\"color: #000000;\">Scultura 26, GFJK Altes Dampfbad, Baden Baden<\/span><\/span><\/span><\/p><p><span style=\"font-family: Helvetica, sans-serif;\"><span style=\"font-size: medium;\"><span style=\"color: #000000;\">Sch\u00fcttelkasten, Bildhauergarten, Karlsruhe<\/span><\/span><\/span><\/p><p><span style=\"font-family: Helvetica, sans-serif;\"><span style=\"font-size: medium;\"><span style=\"color: #000000;\">2025<\/span><\/span><\/span><\/p><p><span style=\"color: #000000; font-family: Helvetica, sans-serif; font-size: medium;\">Asger Jorn und die Anderen p<span style=\"caret-color: #000000;\">art<\/span>\u00a02, Galerie VAN DE LOO Projekte, M\u00fcnchen<\/span><\/p><p>Print Stories part 2, Photobastei, Z\u00fcrich<\/p><p>Asger Jorn und die Anderen, Ketterer Kunst, K\u00f6ln<\/p><p><span style=\"font-family: Helvetica, sans-serif;\"><span style=\"font-size: medium;\"><span style=\"color: #000000;\">Ah ja, Galerie Oqbo, Berlin<\/span><\/span><\/span><\/p><p>Print Stories, Xylon Museum, Schwetzingen<\/p><p><span style=\"font-family: Helvetica, sans-serif;\"><span style=\"font-size: medium;\"><span style=\"color: #000000;\">2024<\/span><\/span><\/span><\/p><p><span style=\"font-family: Helvetica, sans-serif;\"><span style=\"font-size: medium;\"><span style=\"color: #000000;\">Fixing Everything, Galerie Ebensperger, Berlin<\/span><\/span><\/span><\/p><p><span style=\"font-family: Helvetica, sans-serif;\"><span style=\"font-size: medium;\"><span style=\"color: #000000;\">Annual Exhibition State Academy of Fine Arts Karlsruhe<\/span><\/span><\/span><\/p><p><span style=\"font-family: Helvetica, sans-serif;\"><span style=\"font-size: medium;\"><span style=\"color: #000000;\">2023<\/span><\/span><\/span><\/p><p><span style=\"font-family: Helvetica, sans-serif;\"><span style=\"font-size: medium;\"><span style=\"color: #000000;\">Es steht kein Zebra vor der T\u00fcr, Galerie Broetzinger Art, Pforzheim<\/span><\/span><\/span><\/p><p><span style=\"font-family: Helvetica, sans-serif;\"><span style=\"font-size: medium;\"><span style=\"color: #000000;\">Only human, Galerie OH, Karlsruhe<\/span><\/span><\/span><\/p><p><span style=\"font-family: Helvetica, sans-serif;\"><span style=\"font-size: medium;\"><span style=\"color: #000000;\">B\u00dcHNE KIPPT BEI 12M, Koppel, Karlsruhe<\/span><\/span><\/span><\/p><p><span style=\"font-family: Helvetica, sans-serif;\"><span style=\"font-size: medium;\"><span style=\"color: #000000;\">Annual Exhibition State Academy of Fine Arts Karlsruhe<\/span><\/span><\/span><\/p><p>2022<\/p><p><span style=\"font-family: Helvetica, sans-serif;\"><span style=\"font-size: medium;\"><span style=\"color: #000000;\">Galerie OH, \u00a0Karlsruhe<\/span><\/span><\/span><\/p><p><span style=\"font-family: Helvetica, sans-serif;\"><span style=\"font-size: medium;\"><span style=\"color: #000000;\">Annual Exhibition State Academy of Fine Arts Karlsruhe<\/span><\/span><\/span><\/p>\t\t\t\t\t\t\t\t<\/div>\n\t\t\t\t<\/div>\n\t\t\t\t\t<\/div>\n\t\t<\/div>\n\t\t\t\t\t<\/div>\n\t\t<\/section>\n\t\t\t\t<section class=\"elementor-section elementor-top-section elementor-element elementor-element-1a2bccf elementor-section-boxed elementor-section-height-default elementor-section-height-default\" data-id=\"1a2bccf\" data-element_type=\"section\" data-e-type=\"section\">\n\t\t\t\t\t\t<div class=\"elementor-container elementor-column-gap-default\">\n\t\t\t\t\t<div class=\"elementor-column elementor-col-100 elementor-top-column elementor-element elementor-element-e086f8d\" data-id=\"e086f8d\" data-element_type=\"column\" data-e-type=\"column\">\n\t\t\t<div class=\"elementor-widget-wrap elementor-element-populated\">\n\t\t\t\t\t\t<div class=\"elementor-element elementor-element-cfc887d elementor-widget elementor-widget-text-editor\" data-id=\"cfc887d\" data-element_type=\"widget\" data-e-type=\"widget\" data-widget_type=\"text-editor.default\">\n\t\t\t\t<div class=\"elementor-widget-container\">\n\t\t\t\t\t\t\t\t\t<p><span style=\"font-family: Helvetica, sans-serif;\"><span style=\"font-size: medium;\"><b><span style=\"color: #000000;\">Grants<\/span><\/b><\/span><\/span><\/p><p><span style=\"font-family: Helvetica, sans-serif;\"><span style=\"font-size: medium;\"><span style=\"color: #000000;\">2024<\/span><\/span><\/span><\/p><p><span style=\"font-family: Helvetica, sans-serif;\"><span style=\"font-size: medium;\"><span style=\"color: #000000;\">Scholarship from the Heinrich Hertz Society<\/span><\/span><\/span><\/p><p><span style=\"font-family: Helvetica, sans-serif;\"><span style=\"font-size: medium;\"><span style=\"color: #000000;\">2023<\/span><\/span><\/span><\/p><p><span style=\"font-family: Helvetica, sans-serif;\"><span style=\"font-size: medium;\"><span style=\"color: #000000;\">Stipendium <\/span><span style=\"color: #000000;\">der <\/span><span style=\"color: #000000;\">Brunhilde-Sch\u00fctz-Gengenbach-Stiftung<\/span><\/span><\/span><\/p><p><span style=\"font-family: Helvetica, sans-serif;\"><span style=\"font-size: medium;\"><span style=\"color: #000000;\">2022<\/span><\/span><\/span><\/p><p><span style=\"font-family: Helvetica, sans-serif;\"><span style=\"font-size: medium;\"><span style=\"color: #000000;\">Reisestipendium <\/span><span style=\"color: #000000;\">des <\/span><span style=\"color: #000000;\">Freundeskreis<\/span><span style=\"color: #000000;\">es<\/span><span style=\"color: #000000;\"> der Staatliche Akademie der Bildenden K\u00fcnste Karlsruhe<\/span><\/span><\/span><\/p>\t\t\t\t\t\t\t\t<\/div>\n\t\t\t\t<\/div>\n\t\t\t\t\t<\/div>\n\t\t<\/div>\n\t\t\t\t\t<\/div>\n\t\t<\/section>\n\t\t\t\t<section class=\"elementor-section elementor-top-section elementor-element elementor-element-161f5ff elementor-section-boxed elementor-section-height-default elementor-section-height-default\" data-id=\"161f5ff\" data-element_type=\"section\" data-e-type=\"section\">\n\t\t\t\t\t\t<div class=\"elementor-container elementor-column-gap-default\">\n\t\t\t\t\t<div class=\"elementor-column elementor-col-100 elementor-top-column elementor-element elementor-element-d50b1e6\" data-id=\"d50b1e6\" data-element_type=\"column\" data-e-type=\"column\">\n\t\t\t<div class=\"elementor-widget-wrap elementor-element-populated\">\n\t\t\t\t\t\t<div class=\"elementor-element elementor-element-d014593 elementor-widget elementor-widget-text-editor\" data-id=\"d014593\" data-element_type=\"widget\" data-e-type=\"widget\" data-widget_type=\"text-editor.default\">\n\t\t\t\t<div class=\"elementor-widget-container\">\n\t\t\t\t\t\t\t\t\t<p><span style=\"font-family: Helvetica, sans-serif;\"><span style=\"font-size: medium;\"><b><span style=\"color: #000000;\">CV<\/span><\/b><\/span><\/span><\/p><p><span style=\"font-family: Helvetica, sans-serif;\"><span style=\"font-size: medium;\"><span style=\"color: #000000;\">born 1999 in Leopoldshafen<\/span><\/span><\/span><\/p><p><span style=\"font-family: Helvetica, sans-serif;\"><span style=\"font-size: medium;\"><span style=\"color: #000000;\">2019 &#8211; 2026<\/span><\/span><\/span><\/p><p><span style=\"font-family: Helvetica, sans-serif;\"><span style=\"font-size: medium;\"><span style=\"color: #000000;\">State Academy of Fine Arts Karlsruhe <\/span><\/span><\/span><\/p><p><span style=\"font-family: Helvetica, sans-serif;\"><span style=\"font-size: medium;\"><span style=\"color: #000000;\">Klasse Harald Klingelh\u00f6ller<\/span><\/span><\/span><\/p><p><span style=\"font-family: Helvetica, sans-serif;\"><span style=\"font-size: medium;\"><span style=\"color: #000000;\">Class John Bock<\/span><\/span><\/span><\/p><p>2026-<\/p><p>Meistersch\u00fcler bei John Bock<\/p><p><span style=\"font-family: Helvetica, sans-serif;\"><span style=\"font-size: medium;\"><span style=\"color: #000000;\">2023<\/span><\/span><\/span><\/p><p><span style=\"font-family: Helvetica, sans-serif;\"><span style=\"font-size: medium;\"><span style=\"color: #000000;\">Erasmus<\/span><span style=\"color: #000000;\">aufenthalt an der <\/span><span style=\"color: #000000;\">Erasmus stay at the Brera Academy of Fine Arts, Milan, Italy<\/span><\/span><\/span><\/p>\t\t\t\t\t\t\t\t<\/div>\n\t\t\t\t<\/div>\n\t\t\t\t\t<\/div>\n\t\t<\/div>\n\t\t\t\t\t<\/div>\n\t\t<\/section>\n\t\t\t\t<\/div>","protected":false},"excerpt":{"rendered":"<p>Ausstellungen: 2026 Scultura 26, GFJK Altes Dampfbad, Baden Baden Sch\u00fcttelkasten, Bildhauergarten, Karlsruhe 2025 Asger Jorn und die Anderen part\u00a02, Galerie VAN DE LOO Projekte, M\u00fcnchen Print Stories part 2, Photobastei, Z\u00fcrich Asger Jorn und die Anderen, Ketterer Kunst, K\u00f6ln Ah ja, Galerie Oqbo, Berlin Print Stories, Xylon Museum, Schwetzingen 2024 Fixing Everything, Galerie Ebensperger, Berlin [&hellip;]<\/p>\n","protected":false},"author":2,"featured_media":0,"parent":0,"menu_order":0,"comment_status":"closed","ping_status":"closed","template":"","meta":{"footnotes":""},"class_list":["post-1015","page","type-page","status-publish","hentry"],"yoast_head":"<!-- This site is optimized with the Yoast SEO plugin v27.5 - https:\/\/yoast.com\/product\/yoast-seo-wordpress\/ -->\n<title>Vita - Max Benedikt Werner<\/title>\n<meta name=\"description\" content=\"Max Benedikt Werner Vita: 2019- Staatliche Akademie der Bildenden K\u00fcnste KarlsruheKlasse: Prof. Harald Klingelh\u00f6ller\" \/>\n<meta name=\"robots\" content=\"index, follow, max-snippet:-1, max-image-preview:large, max-video-preview:-1\" \/>\n<link rel=\"canonical\" href=\"https:\/\/max-b-werner.de\/en\/vita-2\/\" \/>\n<meta property=\"og:locale\" content=\"en_GB\" \/>\n<meta property=\"og:type\" content=\"article\" \/>\n<meta property=\"og:title\" content=\"Vita - Max Benedikt Werner\" \/>\n<meta property=\"og:description\" content=\"Max Benedikt Werner Vita: 2019- Staatliche Akademie der Bildenden K\u00fcnste KarlsruheKlasse: Prof. Harald Klingelh\u00f6ller\" \/>\n<meta property=\"og:url\" content=\"https:\/\/max-b-werner.de\/en\/vita-2\/\" \/>\n<meta property=\"og:site_name\" content=\"Max B. Werner\" \/>\n<meta property=\"article:modified_time\" content=\"2026-03-31T09:28:02+00:00\" \/>\n<meta name=\"twitter:card\" content=\"summary_large_image\" \/>\n<meta name=\"twitter:label1\" content=\"Estimated reading time\" \/>\n\t<meta name=\"twitter:data1\" content=\"1 minute\" \/>\n<script type=\"application\/ld+json\" class=\"yoast-schema-graph\">{\"@context\":\"https:\\\/\\\/schema.org\",\"@graph\":[{\"@type\":\"WebPage\",\"@id\":\"https:\\\/\\\/max-b-werner.de\\\/vita-2\\\/\",\"url\":\"https:\\\/\\\/max-b-werner.de\\\/vita-2\\\/\",\"name\":\"Vita - Max Benedikt Werner\",\"isPartOf\":{\"@id\":\"https:\\\/\\\/max-b-werner.de\\\/#website\"},\"datePublished\":\"2025-07-29T15:26:43+00:00\",\"dateModified\":\"2026-03-31T09:28:02+00:00\",\"description\":\"Max Benedikt Werner Vita: 2019- Staatliche Akademie der Bildenden K\u00fcnste KarlsruheKlasse: Prof. Harald Klingelh\u00f6ller\",\"breadcrumb\":{\"@id\":\"https:\\\/\\\/max-b-werner.de\\\/vita-2\\\/#breadcrumb\"},\"inLanguage\":\"en-GB\",\"potentialAction\":[{\"@type\":\"ReadAction\",\"target\":[\"https:\\\/\\\/max-b-werner.de\\\/vita-2\\\/\"]}]},{\"@type\":\"BreadcrumbList\",\"@id\":\"https:\\\/\\\/max-b-werner.de\\\/vita-2\\\/#breadcrumb\",\"itemListElement\":[{\"@type\":\"ListItem\",\"position\":1,\"name\":\"Startseite\",\"item\":\"https:\\\/\\\/max-b-werner.de\\\/\"},{\"@type\":\"ListItem\",\"position\":2,\"name\":\"Vita\"}]},{\"@type\":\"WebSite\",\"@id\":\"https:\\\/\\\/max-b-werner.de\\\/#website\",\"url\":\"https:\\\/\\\/max-b-werner.de\\\/\",\"name\":\"Max B. Werner\",\"description\":\"Bildhauer\",\"potentialAction\":[{\"@type\":\"SearchAction\",\"target\":{\"@type\":\"EntryPoint\",\"urlTemplate\":\"https:\\\/\\\/max-b-werner.de\\\/?s={search_term_string}\"},\"query-input\":{\"@type\":\"PropertyValueSpecification\",\"valueRequired\":true,\"valueName\":\"search_term_string\"}}],\"inLanguage\":\"en-GB\"}]}<\/script>\n<!-- \/ Yoast SEO plugin. -->","yoast_head_json":{"title":"Vita - Max Benedikt Werner","description":"Max Benedikt Werner Vita: 2019- Staatliche Akademie der Bildenden K\u00fcnste KarlsruheKlasse: Prof. Harald Klingelh\u00f6ller","robots":{"index":"index","follow":"follow","max-snippet":"max-snippet:-1","max-image-preview":"max-image-preview:large","max-video-preview":"max-video-preview:-1"},"canonical":"https:\/\/max-b-werner.de\/en\/vita-2\/","og_locale":"en_GB","og_type":"article","og_title":"Vita - Max Benedikt Werner","og_description":"Max Benedikt Werner Vita: 2019- Staatliche Akademie der Bildenden K\u00fcnste KarlsruheKlasse: Prof. Harald Klingelh\u00f6ller","og_url":"https:\/\/max-b-werner.de\/en\/vita-2\/","og_site_name":"Max B. Werner","article_modified_time":"2026-03-31T09:28:02+00:00","twitter_card":"summary_large_image","twitter_misc":{"Estimated reading time":"1 minute"},"schema":{"@context":"https:\/\/schema.org","@graph":[{"@type":"WebPage","@id":"https:\/\/max-b-werner.de\/vita-2\/","url":"https:\/\/max-b-werner.de\/vita-2\/","name":"Vita - Max Benedikt Werner","isPartOf":{"@id":"https:\/\/max-b-werner.de\/#website"},"datePublished":"2025-07-29T15:26:43+00:00","dateModified":"2026-03-31T09:28:02+00:00","description":"Max Benedikt Werner Vita: 2019- Staatliche Akademie der Bildenden K\u00fcnste KarlsruheKlasse: Prof. Harald Klingelh\u00f6ller","breadcrumb":{"@id":"https:\/\/max-b-werner.de\/vita-2\/#breadcrumb"},"inLanguage":"en-GB","potentialAction":[{"@type":"ReadAction","target":["https:\/\/max-b-werner.de\/vita-2\/"]}]},{"@type":"BreadcrumbList","@id":"https:\/\/max-b-werner.de\/vita-2\/#breadcrumb","itemListElement":[{"@type":"ListItem","position":1,"name":"Startseite","item":"https:\/\/max-b-werner.de\/"},{"@type":"ListItem","position":2,"name":"Vita"}]},{"@type":"WebSite","@id":"https:\/\/max-b-werner.de\/#website","url":"https:\/\/max-b-werner.de\/","name":"Max B. Werner","description":"Bildhauer","potentialAction":[{"@type":"SearchAction","target":{"@type":"EntryPoint","urlTemplate":"https:\/\/max-b-werner.de\/?s={search_term_string}"},"query-input":{"@type":"PropertyValueSpecification","valueRequired":true,"valueName":"search_term_string"}}],"inLanguage":"en-GB"}]}},"_links":{"self":[{"href":"https:\/\/max-b-werner.de\/en\/wp-json\/wp\/v2\/pages\/1015","targetHints":{"allow":["GET"]}}],"collection":[{"href":"https:\/\/max-b-werner.de\/en\/wp-json\/wp\/v2\/pages"}],"about":[{"href":"https:\/\/max-b-werner.de\/en\/wp-json\/wp\/v2\/types\/page"}],"author":[{"embeddable":true,"href":"https:\/\/max-b-werner.de\/en\/wp-json\/wp\/v2\/users\/2"}],"replies":[{"embeddable":true,"href":"https:\/\/max-b-werner.de\/en\/wp-json\/wp\/v2\/comments?post=1015"}],"version-history":[{"count":30,"href":"https:\/\/max-b-werner.de\/en\/wp-json\/wp\/v2\/pages\/1015\/revisions"}],"predecessor-version":[{"id":1098,"href":"https:\/\/max-b-werner.de\/en\/wp-json\/wp\/v2\/pages\/1015\/revisions\/1098"}],"wp:attachment":[{"href":"https:\/\/max-b-werner.de\/en\/wp-json\/wp\/v2\/media?parent=1015"}],"curies":[{"name":"wp","href":"https:\/\/api.w.org\/{rel}","templated":true}]}}